{"id":1409,"date":"2024-12-24T21:13:35","date_gmt":"2024-12-24T21:13:35","guid":{"rendered":"http:\/\/powers-seris.com\/?page_id=1409"},"modified":"2024-12-25T00:08:36","modified_gmt":"2024-12-25T00:08:36","slug":"joyeux-noel-de-la-part-de-powers-securite","status":"publish","type":"page","link":"https:\/\/powers-seris.com\/en\/joyeux-noel-de-la-part-de-powers-securite\/","title":{"rendered":"Joyeux No\u00ebl de la part de Powers S\u00e9curit\u00e9"},"content":{"rendered":"<div data-elementor-type=\"wp-page\" data-elementor-id=\"1409\" class=\"elementor elementor-1409\" data-elementor-post-type=\"page\">\n\t\t\t\t\t\t<section class=\"elementor-section elementor-top-section elementor-element elementor-element-de7cde7 elementor-section-full_width elementor-section-height-min-height elementor-section-content-middle snow-bg elementor-section-height-default elementor-section-items-middle\" data-id=\"de7cde7\" data-element_type=\"section\" data-e-type=\"section\" data-settings=\"{&quot;background_background&quot;:&quot;classic&quot;}\">\n\t\t\t\t\t\t<div class=\"elementor-container elementor-column-gap-default\">\n\t\t\t\t\t<div class=\"elementor-column elementor-col-100 elementor-top-column elementor-element elementor-element-8632ac5\" data-id=\"8632ac5\" data-element_type=\"column\" data-e-type=\"column\">\n\t\t\t<div class=\"elementor-widget-wrap elementor-element-populated\">\n\t\t\t\t\t\t<section class=\"elementor-section elementor-inner-section elementor-element elementor-element-1aa9988 elementor-section-content-middle elementor-section-boxed elementor-section-height-default elementor-section-height-default\" data-id=\"1aa9988\" data-element_type=\"section\" data-e-type=\"section\">\n\t\t\t\t\t\t<div class=\"elementor-container elementor-column-gap-no\">\n\t\t\t\t\t<div class=\"elementor-column elementor-col-100 elementor-inner-column elementor-element elementor-element-6a24e5e\" data-id=\"6a24e5e\" data-element_type=\"column\" data-e-type=\"column\" data-settings=\"{&quot;background_background&quot;:&quot;classic&quot;}\">\n\t\t\t<div class=\"elementor-widget-wrap elementor-element-populated\">\n\t\t\t\t\t\t<div class=\"elementor-element elementor-element-cd57cd7 gradient-tex elementor-widget elementor-widget-heading\" data-id=\"cd57cd7\" data-element_type=\"widget\" data-e-type=\"widget\" data-widget_type=\"heading.default\">\n\t\t\t\t<div class=\"elementor-widget-container\">\n\t\t\t\t\t<h2 class=\"elementor-heading-title elementor-size-default\">\u2728<span class=\"gradient-text\">Joyeux No\u00ebl de la part de Powers S\u00e9curit\u00e9 !<\/span>\u2728<\/h2>\t\t\t\t<\/div>\n\t\t\t\t<\/div>\n\t\t\t\t<div class=\"elementor-element elementor-element-1b26e86 elementor-widget elementor-widget-text-editor\" data-id=\"1b26e86\" data-element_type=\"widget\" data-e-type=\"widget\" data-widget_type=\"text-editor.default\">\n\t\t\t\t<div class=\"elementor-widget-container\">\n\t\t\t\t\t\t\t\t\t<p>En cette p\u00e9riode de f\u00eates, toute l\u2019\u00e9quipe de <strong>Powers Security<\/strong> tient \u00e0 exprimer sa profonde gratitude \u00e0 ses clients et partenaires pour leur confiance et leur fid\u00e9lit\u00e9 tout au long de l\u2019ann\u00e9e. Ensemble, nous avons fait de la s\u00e9curit\u00e9 et de la s\u00e9r\u00e9nit\u00e9 une r\u00e9alit\u00e9 pour de nombreux foyers, entreprises et \u00e9v\u00e9nements. \ud83d\udcaa\ud83d\udd12<\/p>\t\t\t\t\t\t\t\t<\/div>\n\t\t\t\t<\/div>\n\t\t\t\t<div class=\"elementor-element elementor-element-e119d28 elementor-headline--style-rotate elementor-widget elementor-widget-animated-headline\" data-id=\"e119d28\" data-element_type=\"widget\" data-e-type=\"widget\" data-settings=\"{&quot;headline_style&quot;:&quot;rotate&quot;,&quot;rotating_text&quot;:&quot;Sant\\u00e9 \\ud83d\\udcaa\\nPaix \\ud83d\\udd4a\\ufe0f\\nAmour \\ud83d\\udc96\\nProsp\\u00e9rit\\u00e9 \\ud83d\\udcb0\\nBonheur \\ud83d\\ude0a\\nInspiration \\ud83d\\udcad\\nR\\u00e9ussite \\ud83d\\ude80\\nSucc\\u00e8s \\ud83c\\udfc6\\nCr\\u00e9ativit\\u00e9 \\ud83c\\udfa8&quot;,&quot;animation_type&quot;:&quot;typing&quot;,&quot;loop&quot;:&quot;yes&quot;,&quot;rotate_iteration_delay&quot;:2500}\" data-widget_type=\"animated-headline.default\">\n\t\t\t\t<div class=\"elementor-widget-container\">\n\t\t\t\t\t\t\t<h3 class=\"elementor-headline elementor-headline-animation-type-typing elementor-headline-letters\">\n\t\t\t\t\t<span class=\"elementor-headline-plain-text elementor-headline-text-wrapper\"><span class=\"gradient-text\">Pour ce No\u00ebl, nous vous souhaitons :<\/span><\/span>\n\t\t\t\t<span class=\"elementor-headline-dynamic-wrapper elementor-headline-text-wrapper\">\n\t\t\t\t\t<span class=\"elementor-headline-dynamic-text elementor-headline-text-active\">\n\t\t\t\tSant\u00e9&nbsp;\ud83d\udcaa\t\t\t<\/span>\n\t\t\t\t\t<span class=\"elementor-headline-dynamic-text\">\n\t\t\t\tPaix&nbsp;\ud83d\udd4a\ufe0f\t\t\t<\/span>\n\t\t\t\t\t<span class=\"elementor-headline-dynamic-text\">\n\t\t\t\tAmour&nbsp;\ud83d\udc96\t\t\t<\/span>\n\t\t\t\t\t<span class=\"elementor-headline-dynamic-text\">\n\t\t\t\tProsp\u00e9rit\u00e9&nbsp;\ud83d\udcb0\t\t\t<\/span>\n\t\t\t\t\t<span class=\"elementor-headline-dynamic-text\">\n\t\t\t\tBonheur&nbsp;\ud83d\ude0a\t\t\t<\/span>\n\t\t\t\t\t<span class=\"elementor-headline-dynamic-text\">\n\t\t\t\tInspiration&nbsp;\ud83d\udcad\t\t\t<\/span>\n\t\t\t\t\t<span class=\"elementor-headline-dynamic-text\">\n\t\t\t\tR\u00e9ussite&nbsp;\ud83d\ude80\t\t\t<\/span>\n\t\t\t\t\t<span class=\"elementor-headline-dynamic-text\">\n\t\t\t\tSucc\u00e8s&nbsp;\ud83c\udfc6\t\t\t<\/span>\n\t\t\t\t\t<span class=\"elementor-headline-dynamic-text\">\n\t\t\t\tCr\u00e9ativit\u00e9&nbsp;\ud83c\udfa8\t\t\t<\/span>\n\t\t\t\t\t\t<\/span>\n\t\t\t\t<\/h3>\n\t\t\t\t\t\t<\/div>\n\t\t\t\t<\/div>\n\t\t\t\t<div class=\"elementor-element elementor-element-56d4ff2 elementor-widget elementor-widget-text-editor\" data-id=\"56d4ff2\" data-element_type=\"widget\" data-e-type=\"widget\" data-widget_type=\"text-editor.default\">\n\t\t\t\t<div class=\"elementor-widget-container\">\n\t\t\t\t\t\t\t\t\t<p>Merci de nous permettre de remplir notre mission avec passion et engagement. Nous sommes impatients de continuer \u00e0 veiller sur votre tranquillit\u00e9 en 2025, toujours avec professionnalisme et d\u00e9vouement.<\/p>\t\t\t\t\t\t\t\t<\/div>\n\t\t\t\t<\/div>\n\t\t\t\t<div class=\"elementor-element elementor-element-e7bdec3 gradient-tex elementor-widget elementor-widget-heading\" data-id=\"e7bdec3\" data-element_type=\"widget\" data-e-type=\"widget\" data-widget_type=\"heading.default\">\n\t\t\t\t<div class=\"elementor-widget-container\">\n\t\t\t\t\t<h2 class=\"elementor-heading-title elementor-size-default\">\ud83c\udf84Passez de merveilleuses f\u00eates ! \ud83c\udf84<\/h2>\t\t\t\t<\/div>\n\t\t\t\t<\/div>\n\t\t\t\t<div class=\"elementor-element elementor-element-f056077 elementor-absolute elementor-widget elementor-widget-text-editor\" data-id=\"f056077\" data-element_type=\"widget\" data-e-type=\"widget\" data-settings=\"{&quot;_position&quot;:&quot;absolute&quot;}\" data-widget_type=\"text-editor.default\">\n\t\t\t\t<div class=\"elementor-widget-container\">\n\t\t\t\t\t\t\t\t\t<p>L\u2019\u00e9quipe Powers S\u00e9curit\u00e9<\/p>\t\t\t\t\t\t\t\t<\/div>\n\t\t\t\t<\/div>\n\t\t\t\t\t<\/div>\n\t\t<\/div>\n\t\t\t\t\t<\/div>\n\t\t<\/section>\n\t\t\t\t<section class=\"elementor-section elementor-inner-section elementor-element elementor-element-4d57082 elementor-section-boxed elementor-section-height-default elementor-section-height-default\" data-id=\"4d57082\" data-element_type=\"section\" data-e-type=\"section\">\n\t\t\t\t\t\t<div class=\"elementor-container elementor-column-gap-default\">\n\t\t\t\t\t<div class=\"elementor-column elementor-col-100 elementor-inner-column elementor-element elementor-element-a13d722\" data-id=\"a13d722\" data-element_type=\"column\" data-e-type=\"column\">\n\t\t\t<div class=\"elementor-widget-wrap elementor-element-populated\">\n\t\t\t\t\t\t<div class=\"elementor-element elementor-element-0d2d166 elementor-align-center elementor-widget__width-initial elementor-widget elementor-widget-button\" data-id=\"0d2d166\" data-element_type=\"widget\" data-e-type=\"widget\" data-widget_type=\"button.default\">\n\t\t\t\t<div class=\"elementor-widget-container\">\n\t\t\t\t\t\t\t\t\t<div class=\"elementor-button-wrapper\">\n\t\t\t\t\t<a class=\"elementor-button elementor-button-link elementor-size-sm\" href=\"#\">\n\t\t\t\t\t\t<span class=\"elementor-button-content-wrapper\">\n\t\t\t\t\t\t<span class=\"elementor-button-icon\">\n\t\t\t\t<svg aria-hidden=\"true\" class=\"e-font-icon-svg e-fas-home\" viewbox=\"0 0 576 512\" xmlns=\"http:\/\/www.w3.org\/2000\/svg\"><path d=\"M280.37 148.26L96 300.11V464a16 16 0 0 0 16 16l112.06-.29a16 16 0 0 0 15.92-16V368a16 16 0 0 1 16-16h64a16 16 0 0 1 16 16v95.64a16 16 0 0 0 16 16.05L464 480a16 16 0 0 0 16-16V300L295.67 148.26a12.19 12.19 0 0 0-15.3 0zM571.6 251.47L488 182.56V44.05a12 12 0 0 0-12-12h-56a12 12 0 0 0-12 12v72.61L318.47 43a48 48 0 0 0-61 0L4.34 251.47a12 12 0 0 0-1.6 16.9l25.5 31A12 12 0 0 0 45.15 301l235.22-193.74a12.19 12.19 0 0 1 15.3 0L530.9 301a12 12 0 0 0 16.9-1.6l25.5-31a12 12 0 0 0-1.7-16.93z\"><\/path><\/svg>\t\t\t<\/span>\n\t\t\t\t\t\t\t\t\t<span class=\"elementor-button-text\">Retour page d'accueil<\/span>\n\t\t\t\t\t<\/span>\n\t\t\t\t\t<\/a>\n\t\t\t\t<\/div>\n\t\t\t\t\t\t\t\t<\/div>\n\t\t\t\t<\/div>\n\t\t\t\t\t<\/div>\n\t\t<\/div>\n\t\t\t\t\t<\/div>\n\t\t<\/section>\n\t\t\t\t\t<\/div>\n\t\t<\/div>\n\t\t\t\t\t<\/div>\n\t\t<\/section>\n\t\t\t\t<\/div>","protected":false},"excerpt":{"rendered":"<p>\u2728Joyeux No\u00ebl de la part de Powers S\u00e9curit\u00e9 !\u2728 En cette p\u00e9riode de f\u00eates, toute l\u2019\u00e9quipe de Powers S\u00e9curit\u00e9 tient \u00e0 exprimer sa profonde gratitude \u00e0 ses clients et partenaires pour leur confiance et leur fid\u00e9lit\u00e9 tout au long de l\u2019ann\u00e9e. Ensemble, nous avons fait de la s\u00e9curit\u00e9 et de la s\u00e9r\u00e9nit\u00e9 une r\u00e9alit\u00e9 pour [&hellip;]<\/p>\n","protected":false},"author":1,"featured_media":1435,"parent":0,"menu_order":0,"comment_status":"closed","ping_status":"closed","template":"elementor_canvas","meta":{"footnotes":""},"class_list":["post-1409","page","type-page","status-publish","has-post-thumbnail","hentry"],"yoast_head":"<!-- This site is optimized with the Yoast SEO Premium plugin v24.7 (Yoast SEO v27.6) - https:\/\/yoast.com\/product\/yoast-seo-premium-wordpress\/ -->\n<title>Joyeux No\u00ebl de la part de Powers S\u00e9curit\u00e9 | POWERS S\u00c9CURIT\u00c9<\/title>\n<meta name=\"description\" content=\"\ud83c\udf84\u2728 Joyeux No\u00ebl de la part de Powers S\u00e9curit\u00e9 ! \u2728\ud83c\udf84En cette p\u00e9riode de f\u00eates, toute l\u2019\u00e9quipe de Powers S\u00e9curit\u00e9 tient \u00e0 exprimer sa profonde gratitude \u00e0 ses clients et partenaires pour leur confiance et leur fid\u00e9lit\u00e9 tout au long de l\u2019ann\u00e9e. Ensemble, nous avons fait de la s\u00e9curit\u00e9 et de la s\u00e9r\u00e9nit\u00e9 une r\u00e9alit\u00e9 pour de nombreux foyers, entreprises et \u00e9v\u00e9nements. \ud83d\udcaa\ud83d\udd12\" \/>\n<meta name=\"robots\" content=\"index, follow, max-snippet:-1, max-image-preview:large, max-video-preview:-1\" \/>\n<link rel=\"canonical\" href=\"https:\/\/powers-seris.com\/en\/joyeux-noel-de-la-part-de-powers-securite\/\" \/>\n<meta property=\"og:locale\" content=\"en_US\" \/>\n<meta property=\"og:type\" content=\"article\" \/>\n<meta property=\"og:title\" content=\"Joyeux No\u00ebl de la part de Powers S\u00e9curit\u00e9\" \/>\n<meta property=\"og:description\" content=\"\ud83c\udf84\u2728 Joyeux No\u00ebl de la part de Powers S\u00e9curit\u00e9 ! \u2728\ud83c\udf84En cette p\u00e9riode de f\u00eates, toute l\u2019\u00e9quipe de Powers S\u00e9curit\u00e9 tient \u00e0 exprimer sa profonde gratitude \u00e0 ses clients et partenaires pour leur confiance et leur fid\u00e9lit\u00e9 tout au long de l\u2019ann\u00e9e. Ensemble, nous avons fait de la s\u00e9curit\u00e9 et de la s\u00e9r\u00e9nit\u00e9 une r\u00e9alit\u00e9 pour de nombreux foyers, entreprises et \u00e9v\u00e9nements. \ud83d\udcaa\ud83d\udd12\" \/>\n<meta property=\"og:url\" content=\"https:\/\/powers-seris.com\/en\/joyeux-noel-de-la-part-de-powers-securite\/\" \/>\n<meta property=\"og:site_name\" content=\"POWERS S\u00c9CURIT\u00c9\" \/>\n<meta property=\"article:modified_time\" content=\"2024-12-25T00:08:36+00:00\" \/>\n<meta property=\"og:image\" content=\"https:\/\/powers-seris.com\/wp-content\/uploads\/powers-securiy-Christmas-image-with-a-unique-twist_-an-elegant-security-agency.webp\" \/>\n\t<meta property=\"og:image:width\" content=\"1344\" \/>\n\t<meta property=\"og:image:height\" content=\"768\" \/>\n\t<meta property=\"og:image:type\" content=\"image\/webp\" \/>\n<meta name=\"twitter:card\" content=\"summary_large_image\" \/>\n<meta name=\"twitter:label1\" content=\"Est. reading time\" \/>\n\t<meta name=\"twitter:data1\" content=\"1 minute\" \/>\n<script type=\"application\/ld+json\" class=\"yoast-schema-graph\">{\"@context\":\"https:\\\/\\\/schema.org\",\"@graph\":[{\"@type\":\"WebPage\",\"@id\":\"https:\\\/\\\/powers-seris.com\\\/en\\\/joyeux-noel-de-la-part-de-powers-securite\\\/\",\"url\":\"https:\\\/\\\/powers-seris.com\\\/en\\\/joyeux-noel-de-la-part-de-powers-securite\\\/\",\"name\":\"Joyeux No\u00ebl de la part de Powers S\u00e9curit\u00e9 | POWERS S\u00c9CURIT\u00c9\",\"isPartOf\":{\"@id\":\"https:\\\/\\\/powers-seris.com\\\/#website\"},\"primaryImageOfPage\":{\"@id\":\"https:\\\/\\\/powers-seris.com\\\/en\\\/joyeux-noel-de-la-part-de-powers-securite\\\/#primaryimage\"},\"image\":{\"@id\":\"https:\\\/\\\/powers-seris.com\\\/en\\\/joyeux-noel-de-la-part-de-powers-securite\\\/#primaryimage\"},\"thumbnailUrl\":\"https:\\\/\\\/powers-seris.com\\\/wp-content\\\/uploads\\\/powers-securiy-Christmas-image-with-a-unique-twist_-an-elegant-security-agency.webp\",\"datePublished\":\"2024-12-24T21:13:35+00:00\",\"dateModified\":\"2024-12-25T00:08:36+00:00\",\"description\":\"\ud83c\udf84\u2728 Joyeux No\u00ebl de la part de Powers S\u00e9curit\u00e9 ! \u2728\ud83c\udf84En cette p\u00e9riode de f\u00eates, toute l\u2019\u00e9quipe de Powers S\u00e9curit\u00e9 tient \u00e0 exprimer sa profonde gratitude \u00e0 ses clients et partenaires pour leur confiance et leur fid\u00e9lit\u00e9 tout au long de l\u2019ann\u00e9e. Ensemble, nous avons fait de la s\u00e9curit\u00e9 et de la s\u00e9r\u00e9nit\u00e9 une r\u00e9alit\u00e9 pour de nombreux foyers, entreprises et \u00e9v\u00e9nements. \ud83d\udcaa\ud83d\udd12\",\"breadcrumb\":{\"@id\":\"https:\\\/\\\/powers-seris.com\\\/en\\\/joyeux-noel-de-la-part-de-powers-securite\\\/#breadcrumb\"},\"inLanguage\":\"en-US\",\"potentialAction\":[{\"@type\":\"ReadAction\",\"target\":[\"https:\\\/\\\/powers-seris.com\\\/en\\\/joyeux-noel-de-la-part-de-powers-securite\\\/\"]}]},{\"@type\":\"ImageObject\",\"inLanguage\":\"en-US\",\"@id\":\"https:\\\/\\\/powers-seris.com\\\/en\\\/joyeux-noel-de-la-part-de-powers-securite\\\/#primaryimage\",\"url\":\"https:\\\/\\\/powers-seris.com\\\/wp-content\\\/uploads\\\/powers-securiy-Christmas-image-with-a-unique-twist_-an-elegant-security-agency.webp\",\"contentUrl\":\"https:\\\/\\\/powers-seris.com\\\/wp-content\\\/uploads\\\/powers-securiy-Christmas-image-with-a-unique-twist_-an-elegant-security-agency.webp\",\"width\":1344,\"height\":768},{\"@type\":\"BreadcrumbList\",\"@id\":\"https:\\\/\\\/powers-seris.com\\\/en\\\/joyeux-noel-de-la-part-de-powers-securite\\\/#breadcrumb\",\"itemListElement\":[{\"@type\":\"ListItem\",\"position\":1,\"name\":\"Accueil\",\"item\":\"https:\\\/\\\/powers-seris.com\\\/\"},{\"@type\":\"ListItem\",\"position\":2,\"name\":\"Joyeux No\u00ebl de la part de Powers S\u00e9curit\u00e9\"}]},{\"@type\":\"WebSite\",\"@id\":\"https:\\\/\\\/powers-seris.com\\\/#website\",\"url\":\"https:\\\/\\\/powers-seris.com\\\/\",\"name\":\"POWERS S\u00c9CURIT\u00c9\",\"description\":\"Votre s\u00e9curit\u00e9, notre priorit\u00e9\",\"potentialAction\":[{\"@type\":\"SearchAction\",\"target\":{\"@type\":\"EntryPoint\",\"urlTemplate\":\"https:\\\/\\\/powers-seris.com\\\/?s={search_term_string}\"},\"query-input\":{\"@type\":\"PropertyValueSpecification\",\"valueRequired\":true,\"valueName\":\"search_term_string\"}}],\"inLanguage\":\"en-US\"}]}<\/script>\n<!-- \/ Yoast SEO Premium plugin. -->","yoast_head_json":{"title":"Joyeux No\u00ebl de la part de Powers S\u00e9curit\u00e9 | POWERS S\u00c9CURIT\u00c9","description":"\ud83c\udf84\u2728 Joyeux No\u00ebl de la part de Powers S\u00e9curit\u00e9 ! \u2728\ud83c\udf84En cette p\u00e9riode de f\u00eates, toute l\u2019\u00e9quipe de Powers S\u00e9curit\u00e9 tient \u00e0 exprimer sa profonde gratitude \u00e0 ses clients et partenaires pour leur confiance et leur fid\u00e9lit\u00e9 tout au long de l\u2019ann\u00e9e. Ensemble, nous avons fait de la s\u00e9curit\u00e9 et de la s\u00e9r\u00e9nit\u00e9 une r\u00e9alit\u00e9 pour de nombreux foyers, entreprises et \u00e9v\u00e9nements. \ud83d\udcaa\ud83d\udd12","robots":{"index":"index","follow":"follow","max-snippet":"max-snippet:-1","max-image-preview":"max-image-preview:large","max-video-preview":"max-video-preview:-1"},"canonical":"https:\/\/powers-seris.com\/en\/joyeux-noel-de-la-part-de-powers-securite\/","og_locale":"en_US","og_type":"article","og_title":"Joyeux No\u00ebl de la part de Powers S\u00e9curit\u00e9","og_description":"\ud83c\udf84\u2728 Joyeux No\u00ebl de la part de Powers S\u00e9curit\u00e9 ! \u2728\ud83c\udf84En cette p\u00e9riode de f\u00eates, toute l\u2019\u00e9quipe de Powers S\u00e9curit\u00e9 tient \u00e0 exprimer sa profonde gratitude \u00e0 ses clients et partenaires pour leur confiance et leur fid\u00e9lit\u00e9 tout au long de l\u2019ann\u00e9e. Ensemble, nous avons fait de la s\u00e9curit\u00e9 et de la s\u00e9r\u00e9nit\u00e9 une r\u00e9alit\u00e9 pour de nombreux foyers, entreprises et \u00e9v\u00e9nements. \ud83d\udcaa\ud83d\udd12","og_url":"https:\/\/powers-seris.com\/en\/joyeux-noel-de-la-part-de-powers-securite\/","og_site_name":"POWERS S\u00c9CURIT\u00c9","article_modified_time":"2024-12-25T00:08:36+00:00","og_image":[{"width":1344,"height":768,"url":"https:\/\/powers-seris.com\/wp-content\/uploads\/powers-securiy-Christmas-image-with-a-unique-twist_-an-elegant-security-agency.webp","type":"image\/webp"}],"twitter_card":"summary_large_image","twitter_misc":{"Est. reading time":"1 minute"},"schema":{"@context":"https:\/\/schema.org","@graph":[{"@type":"WebPage","@id":"https:\/\/powers-seris.com\/en\/joyeux-noel-de-la-part-de-powers-securite\/","url":"https:\/\/powers-seris.com\/en\/joyeux-noel-de-la-part-de-powers-securite\/","name":"Joyeux No\u00ebl de la part de Powers S\u00e9curit\u00e9 | POWERS S\u00c9CURIT\u00c9","isPartOf":{"@id":"https:\/\/powers-seris.com\/#website"},"primaryImageOfPage":{"@id":"https:\/\/powers-seris.com\/en\/joyeux-noel-de-la-part-de-powers-securite\/#primaryimage"},"image":{"@id":"https:\/\/powers-seris.com\/en\/joyeux-noel-de-la-part-de-powers-securite\/#primaryimage"},"thumbnailUrl":"https:\/\/powers-seris.com\/wp-content\/uploads\/powers-securiy-Christmas-image-with-a-unique-twist_-an-elegant-security-agency.webp","datePublished":"2024-12-24T21:13:35+00:00","dateModified":"2024-12-25T00:08:36+00:00","description":"\ud83c\udf84\u2728 Joyeux No\u00ebl de la part de Powers S\u00e9curit\u00e9 ! \u2728\ud83c\udf84En cette p\u00e9riode de f\u00eates, toute l\u2019\u00e9quipe de Powers S\u00e9curit\u00e9 tient \u00e0 exprimer sa profonde gratitude \u00e0 ses clients et partenaires pour leur confiance et leur fid\u00e9lit\u00e9 tout au long de l\u2019ann\u00e9e. Ensemble, nous avons fait de la s\u00e9curit\u00e9 et de la s\u00e9r\u00e9nit\u00e9 une r\u00e9alit\u00e9 pour de nombreux foyers, entreprises et \u00e9v\u00e9nements. \ud83d\udcaa\ud83d\udd12","breadcrumb":{"@id":"https:\/\/powers-seris.com\/en\/joyeux-noel-de-la-part-de-powers-securite\/#breadcrumb"},"inLanguage":"en-US","potentialAction":[{"@type":"ReadAction","target":["https:\/\/powers-seris.com\/en\/joyeux-noel-de-la-part-de-powers-securite\/"]}]},{"@type":"ImageObject","inLanguage":"en-US","@id":"https:\/\/powers-seris.com\/en\/joyeux-noel-de-la-part-de-powers-securite\/#primaryimage","url":"https:\/\/powers-seris.com\/wp-content\/uploads\/powers-securiy-Christmas-image-with-a-unique-twist_-an-elegant-security-agency.webp","contentUrl":"https:\/\/powers-seris.com\/wp-content\/uploads\/powers-securiy-Christmas-image-with-a-unique-twist_-an-elegant-security-agency.webp","width":1344,"height":768},{"@type":"BreadcrumbList","@id":"https:\/\/powers-seris.com\/en\/joyeux-noel-de-la-part-de-powers-securite\/#breadcrumb","itemListElement":[{"@type":"ListItem","position":1,"name":"Accueil","item":"https:\/\/powers-seris.com\/"},{"@type":"ListItem","position":2,"name":"Joyeux No\u00ebl de la part de Powers S\u00e9curit\u00e9"}]},{"@type":"WebSite","@id":"https:\/\/powers-seris.com\/#website","url":"https:\/\/powers-seris.com\/","name":"POWERS SECURITY","description":"Your security, our priority","potentialAction":[{"@type":"SearchAction","target":{"@type":"EntryPoint","urlTemplate":"https:\/\/powers-seris.com\/?s={search_term_string}"},"query-input":{"@type":"PropertyValueSpecification","valueRequired":true,"valueName":"search_term_string"}}],"inLanguage":"en-US"}]}},"_links":{"self":[{"href":"https:\/\/powers-seris.com\/en\/wp-json\/wp\/v2\/pages\/1409","targetHints":{"allow":["GET"]}}],"collection":[{"href":"https:\/\/powers-seris.com\/en\/wp-json\/wp\/v2\/pages"}],"about":[{"href":"https:\/\/powers-seris.com\/en\/wp-json\/wp\/v2\/types\/page"}],"author":[{"embeddable":true,"href":"https:\/\/powers-seris.com\/en\/wp-json\/wp\/v2\/users\/1"}],"replies":[{"embeddable":true,"href":"https:\/\/powers-seris.com\/en\/wp-json\/wp\/v2\/comments?post=1409"}],"version-history":[{"count":40,"href":"https:\/\/powers-seris.com\/en\/wp-json\/wp\/v2\/pages\/1409\/revisions"}],"predecessor-version":[{"id":1459,"href":"https:\/\/powers-seris.com\/en\/wp-json\/wp\/v2\/pages\/1409\/revisions\/1459"}],"wp:featuredmedia":[{"embeddable":true,"href":"https:\/\/powers-seris.com\/en\/wp-json\/wp\/v2\/media\/1435"}],"wp:attachment":[{"href":"https:\/\/powers-seris.com\/en\/wp-json\/wp\/v2\/media?parent=1409"}],"curies":[{"name":"wp","href":"https:\/\/api.w.org\/{rel}","templated":true}]}}