{"id":157,"date":"2024-03-21T23:16:48","date_gmt":"2024-03-21T23:16:48","guid":{"rendered":"http:\/\/powers-seris.com\/?page_id=157"},"modified":"2024-09-26T19:18:05","modified_gmt":"2024-09-26T19:18:05","slug":"contact","status":"publish","type":"page","link":"https:\/\/powers-seris.com\/en\/contact\/","title":{"rendered":"Contact"},"content":{"rendered":"\t\t<div data-elementor-type=\"wp-page\" data-elementor-id=\"157\" class=\"elementor elementor-157\" data-elementor-post-type=\"page\">\n\t\t\t\t\t\t<section class=\"elementor-section elementor-top-section elementor-element elementor-element-adf2d97 elementor-section-height-min-height elementor-section-boxed elementor-section-height-default elementor-section-items-middle\" data-id=\"adf2d97\" data-element_type=\"section\" data-e-type=\"section\" data-settings=\"{&quot;background_background&quot;:&quot;classic&quot;}\">\n\t\t\t\t\t\t\t<div class=\"elementor-background-overlay\"><\/div>\n\t\t\t\t\t\t\t<div class=\"elementor-container elementor-column-gap-default\">\n\t\t\t\t\t<div class=\"elementor-column elementor-col-100 elementor-top-column elementor-element elementor-element-a6cd5d3\" data-id=\"a6cd5d3\" data-element_type=\"column\" data-e-type=\"column\">\n\t\t\t<div class=\"elementor-widget-wrap elementor-element-populated\">\n\t\t\t\t\t\t<div class=\"elementor-element elementor-element-19c44c2 elementor-widget elementor-widget-heading\" data-id=\"19c44c2\" data-element_type=\"widget\" data-e-type=\"widget\" data-widget_type=\"heading.default\">\n\t\t\t\t<div class=\"elementor-widget-container\">\n\t\t\t\t\t<h2 class=\"elementor-heading-title elementor-size-default\">Contact<\/h2>\t\t\t\t<\/div>\n\t\t\t\t<\/div>\n\t\t\t\t<div class=\"elementor-element elementor-element-168f595 elementor-widget elementor-widget-heading\" data-id=\"168f595\" data-element_type=\"widget\" data-e-type=\"widget\" data-widget_type=\"heading.default\">\n\t\t\t\t<div class=\"elementor-widget-container\">\n\t\t\t\t\t<h2 class=\"elementor-heading-title elementor-size-default\">Vous avez des questions ? Besoin de plus d'informations? N'hesitez pas \u00e0 nous contacter!<\/h2>\t\t\t\t<\/div>\n\t\t\t\t<\/div>\n\t\t\t\t\t<\/div>\n\t\t<\/div>\n\t\t\t\t\t<\/div>\n\t\t<\/section>\n\t\t\t\t<section class=\"elementor-section elementor-top-section elementor-element elementor-element-254dd65 elementor-section-boxed elementor-section-height-default elementor-section-height-default\" data-id=\"254dd65\" data-element_type=\"section\" data-e-type=\"section\">\n\t\t\t\t\t\t<div class=\"elementor-container elementor-column-gap-default\">\n\t\t\t\t\t<div class=\"elementor-column elementor-col-50 elementor-top-column elementor-element elementor-element-63c384a\" data-id=\"63c384a\" data-element_type=\"column\" data-e-type=\"column\">\n\t\t\t<div class=\"elementor-widget-wrap elementor-element-populated\">\n\t\t\t\t\t\t<div class=\"elementor-element elementor-element-4d93214 elementor-button-align-stretch elementor-widget elementor-widget-form\" data-id=\"4d93214\" data-element_type=\"widget\" data-e-type=\"widget\" data-settings=\"{&quot;step_next_label&quot;:&quot;Next&quot;,&quot;step_previous_label&quot;:&quot;Previous&quot;,&quot;button_width&quot;:&quot;100&quot;,&quot;step_type&quot;:&quot;number_text&quot;,&quot;step_icon_shape&quot;:&quot;circle&quot;}\" data-widget_type=\"form.default\">\n\t\t\t\t<div class=\"elementor-widget-container\">\n\t\t\t\t\t\t\t<form class=\"elementor-form\" method=\"post\" name=\"New Form\" aria-label=\"New Form\">\n\t\t\t<input type=\"hidden\" name=\"post_id\" value=\"157\"\/>\n\t\t\t<input type=\"hidden\" name=\"form_id\" value=\"4d93214\"\/>\n\t\t\t<input type=\"hidden\" name=\"referer_title\" value=\"POWERS S\u00c9CURIT\u00c9\" \/>\n\n\t\t\t\n\t\t\t<div class=\"elementor-form-fields-wrapper elementor-labels-above\">\n\t\t\t\t\t\t\t\t<div class=\"elementor-field-type-text elementor-field-group elementor-column elementor-field-group-name elementor-col-100\">\n\t\t\t\t\t\t\t\t\t\t\t\t<label for=\"form-field-name\" class=\"elementor-field-label\">\n\t\t\t\t\t\t\t\tNom\t\t\t\t\t\t\t<\/label>\n\t\t\t\t\t\t\t\t\t\t\t\t\t\t<input size=\"1\" type=\"text\" name=\"form_fields[name]\" id=\"form-field-name\" class=\"elementor-field elementor-size-sm  elementor-field-textual\">\n\t\t\t\t\t\t\t\t\t\t\t<\/div>\n\t\t\t\t\t\t\t\t<div class=\"elementor-field-type-email elementor-field-group elementor-column elementor-field-group-email elementor-col-50 elementor-field-required elementor-mark-required\">\n\t\t\t\t\t\t\t\t\t\t\t\t<label for=\"form-field-email\" class=\"elementor-field-label\">\n\t\t\t\t\t\t\t\tEmail\t\t\t\t\t\t\t<\/label>\n\t\t\t\t\t\t\t\t\t\t\t\t\t\t<input size=\"1\" type=\"email\" name=\"form_fields[email]\" id=\"form-field-email\" class=\"elementor-field elementor-size-sm  elementor-field-textual\" required=\"required\">\n\t\t\t\t\t\t\t\t\t\t\t<\/div>\n\t\t\t\t\t\t\t\t<div class=\"elementor-field-type-tel elementor-field-group elementor-column elementor-field-group-field_10714c7 elementor-col-50 elementor-field-required elementor-mark-required\">\n\t\t\t\t\t\t\t\t\t\t\t\t<label for=\"form-field-field_10714c7\" class=\"elementor-field-label\">\n\t\t\t\t\t\t\t\tT\u00e9l\u00e9phone\t\t\t\t\t\t\t<\/label>\n\t\t\t\t\t\t\t\t<input size=\"1\" type=\"tel\" name=\"form_fields[field_10714c7]\" id=\"form-field-field_10714c7\" class=\"elementor-field elementor-size-sm  elementor-field-textual\" required=\"required\" pattern=\"[0-9()#&amp;+*-=.]+\" title=\"Only numbers and phone characters (#, -, *, etc) are accepted.\">\n\n\t\t\t\t\t\t<\/div>\n\t\t\t\t\t\t\t\t<div class=\"elementor-field-type-text elementor-field-group elementor-column elementor-field-group-field_c8657d6 elementor-col-100\">\n\t\t\t\t\t\t\t\t\t\t\t\t<label for=\"form-field-field_c8657d6\" class=\"elementor-field-label\">\n\t\t\t\t\t\t\t\tObjet\t\t\t\t\t\t\t<\/label>\n\t\t\t\t\t\t\t\t\t\t\t\t\t\t<input size=\"1\" type=\"text\" name=\"form_fields[field_c8657d6]\" id=\"form-field-field_c8657d6\" class=\"elementor-field elementor-size-sm  elementor-field-textual\">\n\t\t\t\t\t\t\t\t\t\t\t<\/div>\n\t\t\t\t\t\t\t\t<div class=\"elementor-field-type-textarea elementor-field-group elementor-column elementor-field-group-message elementor-col-100 elementor-field-required elementor-mark-required\">\n\t\t\t\t\t\t\t\t\t\t\t\t<label for=\"form-field-message\" class=\"elementor-field-label\">\n\t\t\t\t\t\t\t\tMessage\t\t\t\t\t\t\t<\/label>\n\t\t\t\t\t\t<textarea class=\"elementor-field-textual elementor-field  elementor-size-sm\" name=\"form_fields[message]\" id=\"form-field-message\" rows=\"4\" required=\"required\"><\/textarea>\t\t\t\t<\/div>\n\t\t\t\t\t\t\t\t<div class=\"elementor-field-group elementor-column elementor-field-type-submit elementor-col-100 e-form__buttons\">\n\t\t\t\t\t<button class=\"elementor-button elementor-size-sm\" type=\"submit\">\n\t\t\t\t\t\t<span class=\"elementor-button-content-wrapper\">\n\t\t\t\t\t\t\t\t\t\t\t\t\t\t\t\t\t\t\t\t\t\t<span class=\"elementor-button-text\">Send<\/span>\n\t\t\t\t\t\t\t\t\t\t\t\t\t<\/span>\n\t\t\t\t\t<\/button>\n\t\t\t\t<\/div>\n\t\t\t<\/div>\n\t\t<\/form>\n\t\t\t\t\t\t<\/div>\n\t\t\t\t<\/div>\n\t\t\t\t\t<\/div>\n\t\t<\/div>\n\t\t\t\t<div class=\"elementor-column elementor-col-50 elementor-top-column elementor-element elementor-element-487861d\" data-id=\"487861d\" data-element_type=\"column\" data-e-type=\"column\">\n\t\t\t<div class=\"elementor-widget-wrap elementor-element-populated\">\n\t\t\t\t\t\t<div class=\"elementor-element elementor-element-dd86f2a elementor-widget elementor-widget-image\" data-id=\"dd86f2a\" data-element_type=\"widget\" data-e-type=\"widget\" data-widget_type=\"image.default\">\n\t\t\t\t<div class=\"elementor-widget-container\">\n\t\t\t\t\t\t\t\t\t\t\t\t\t\t\t<img fetchpriority=\"high\" decoding=\"async\" width=\"800\" height=\"1200\" src=\"https:\/\/powers-seris.com\/wp-content\/uploads\/SECURITY-POWERS-1.webp\" class=\"attachment-large size-large wp-image-132\" alt=\"\" srcset=\"https:\/\/powers-seris.com\/wp-content\/uploads\/SECURITY-POWERS-1.webp 800w, https:\/\/powers-seris.com\/wp-content\/uploads\/SECURITY-POWERS-1-768x1152.webp 768w\" sizes=\"(max-width: 800px) 100vw, 800px\" \/>\t\t\t\t\t\t\t\t\t\t\t\t\t\t\t<\/div>\n\t\t\t\t<\/div>\n\t\t\t\t\t<\/div>\n\t\t<\/div>\n\t\t\t\t\t<\/div>\n\t\t<\/section>\n\t\t\t\t<\/div>\n\t\t","protected":false},"excerpt":{"rendered":"<p>Contact Vous avez des questions ? Besoin de plus d&rsquo;informations? N&rsquo;hesitez pas \u00e0 nous contacter!<\/p>","protected":false},"author":1,"featured_media":0,"parent":0,"menu_order":0,"comment_status":"closed","ping_status":"closed","template":"","meta":{"footnotes":""},"class_list":["post-157","page","type-page","status-publish","hentry"],"yoast_head":"<!-- This site is optimized with the Yoast SEO Premium plugin v24.7 (Yoast SEO v27.6) - https:\/\/yoast.com\/product\/yoast-seo-premium-wordpress\/ -->\n<title>Contact | POWERS S\u00c9CURIT\u00c9<\/title>\n<meta name=\"description\" content=\"Vous avez des questions ? Besoin de plus d&#039;informations? N&#039;hesitez pas \u00e0 nous contacter!\" \/>\n<meta name=\"robots\" content=\"index, follow, max-snippet:-1, max-image-preview:large, max-video-preview:-1\" \/>\n<link rel=\"canonical\" href=\"https:\/\/powers-seris.com\/en\/contact\/\" \/>\n<meta property=\"og:locale\" content=\"en_US\" \/>\n<meta property=\"og:type\" content=\"article\" \/>\n<meta property=\"og:title\" content=\"Contact\" \/>\n<meta property=\"og:description\" content=\"Vous avez des questions ? Besoin de plus d&#039;informations? N&#039;hesitez pas \u00e0 nous contacter!\" \/>\n<meta property=\"og:url\" content=\"https:\/\/powers-seris.com\/en\/contact\/\" \/>\n<meta property=\"og:site_name\" content=\"POWERS S\u00c9CURIT\u00c9\" \/>\n<meta property=\"article:modified_time\" content=\"2024-09-26T19:18:05+00:00\" \/>\n<meta property=\"og:image\" content=\"http:\/\/powers-seris.com\/wp-content\/uploads\/SECURITY-POWERS-1.webp\" \/>\n<meta name=\"twitter:card\" content=\"summary_large_image\" \/>\n<meta name=\"twitter:label1\" content=\"Est. reading time\" \/>\n\t<meta name=\"twitter:data1\" content=\"1 minute\" \/>\n<script type=\"application\/ld+json\" class=\"yoast-schema-graph\">{\"@context\":\"https:\\\/\\\/schema.org\",\"@graph\":[{\"@type\":\"WebPage\",\"@id\":\"https:\\\/\\\/powers-seris.com\\\/contact\\\/\",\"url\":\"https:\\\/\\\/powers-seris.com\\\/contact\\\/\",\"name\":\"Contact | POWERS S\u00c9CURIT\u00c9\",\"isPartOf\":{\"@id\":\"https:\\\/\\\/powers-seris.com\\\/#website\"},\"primaryImageOfPage\":{\"@id\":\"https:\\\/\\\/powers-seris.com\\\/contact\\\/#primaryimage\"},\"image\":{\"@id\":\"https:\\\/\\\/powers-seris.com\\\/contact\\\/#primaryimage\"},\"thumbnailUrl\":\"http:\\\/\\\/powers-seris.com\\\/wp-content\\\/uploads\\\/SECURITY-POWERS-1.webp\",\"datePublished\":\"2024-03-21T23:16:48+00:00\",\"dateModified\":\"2024-09-26T19:18:05+00:00\",\"description\":\"Vous avez des questions ? Besoin de plus d'informations? N'hesitez pas \u00e0 nous contacter!\",\"breadcrumb\":{\"@id\":\"https:\\\/\\\/powers-seris.com\\\/contact\\\/#breadcrumb\"},\"inLanguage\":\"en-US\",\"potentialAction\":[{\"@type\":\"ReadAction\",\"target\":[\"https:\\\/\\\/powers-seris.com\\\/contact\\\/\"]}]},{\"@type\":\"ImageObject\",\"inLanguage\":\"en-US\",\"@id\":\"https:\\\/\\\/powers-seris.com\\\/contact\\\/#primaryimage\",\"url\":\"http:\\\/\\\/powers-seris.com\\\/wp-content\\\/uploads\\\/SECURITY-POWERS-1.webp\",\"contentUrl\":\"http:\\\/\\\/powers-seris.com\\\/wp-content\\\/uploads\\\/SECURITY-POWERS-1.webp\"},{\"@type\":\"BreadcrumbList\",\"@id\":\"https:\\\/\\\/powers-seris.com\\\/contact\\\/#breadcrumb\",\"itemListElement\":[{\"@type\":\"ListItem\",\"position\":1,\"name\":\"Accueil\",\"item\":\"https:\\\/\\\/powers-seris.com\\\/\"},{\"@type\":\"ListItem\",\"position\":2,\"name\":\"Contact\"}]},{\"@type\":\"WebSite\",\"@id\":\"https:\\\/\\\/powers-seris.com\\\/#website\",\"url\":\"https:\\\/\\\/powers-seris.com\\\/\",\"name\":\"POWERS S\u00c9CURIT\u00c9\",\"description\":\"Votre s\u00e9curit\u00e9, notre priorit\u00e9\",\"potentialAction\":[{\"@type\":\"SearchAction\",\"target\":{\"@type\":\"EntryPoint\",\"urlTemplate\":\"https:\\\/\\\/powers-seris.com\\\/?s={search_term_string}\"},\"query-input\":{\"@type\":\"PropertyValueSpecification\",\"valueRequired\":true,\"valueName\":\"search_term_string\"}}],\"inLanguage\":\"en-US\"}]}<\/script>\n<!-- \/ Yoast SEO Premium plugin. -->","yoast_head_json":{"title":"Contact | POWERS S\u00c9CURIT\u00c9","description":"Have questions? Need more information? Don't hesitate to reach out to us!","robots":{"index":"index","follow":"follow","max-snippet":"max-snippet:-1","max-image-preview":"max-image-preview:large","max-video-preview":"max-video-preview:-1"},"canonical":"https:\/\/powers-seris.com\/en\/contact\/","og_locale":"en_US","og_type":"article","og_title":"Contact","og_description":"Vous avez des questions ? Besoin de plus d'informations? N'hesitez pas \u00e0 nous contacter!","og_url":"https:\/\/powers-seris.com\/en\/contact\/","og_site_name":"POWERS S\u00c9CURIT\u00c9","article_modified_time":"2024-09-26T19:18:05+00:00","og_image":[{"url":"http:\/\/powers-seris.com\/wp-content\/uploads\/SECURITY-POWERS-1.webp","type":"","width":"","height":""}],"twitter_card":"summary_large_image","twitter_misc":{"Est. reading time":"1 minute"},"schema":{"@context":"https:\/\/schema.org","@graph":[{"@type":"WebPage","@id":"https:\/\/powers-seris.com\/contact\/","url":"https:\/\/powers-seris.com\/contact\/","name":"Contact | POWERS S\u00c9CURIT\u00c9","isPartOf":{"@id":"https:\/\/powers-seris.com\/#website"},"primaryImageOfPage":{"@id":"https:\/\/powers-seris.com\/contact\/#primaryimage"},"image":{"@id":"https:\/\/powers-seris.com\/contact\/#primaryimage"},"thumbnailUrl":"http:\/\/powers-seris.com\/wp-content\/uploads\/SECURITY-POWERS-1.webp","datePublished":"2024-03-21T23:16:48+00:00","dateModified":"2024-09-26T19:18:05+00:00","description":"Have questions? Need more information? Don't hesitate to reach out to us!","breadcrumb":{"@id":"https:\/\/powers-seris.com\/contact\/#breadcrumb"},"inLanguage":"en-US","potentialAction":[{"@type":"ReadAction","target":["https:\/\/powers-seris.com\/contact\/"]}]},{"@type":"ImageObject","inLanguage":"en-US","@id":"https:\/\/powers-seris.com\/contact\/#primaryimage","url":"http:\/\/powers-seris.com\/wp-content\/uploads\/SECURITY-POWERS-1.webp","contentUrl":"http:\/\/powers-seris.com\/wp-content\/uploads\/SECURITY-POWERS-1.webp"},{"@type":"BreadcrumbList","@id":"https:\/\/powers-seris.com\/contact\/#breadcrumb","itemListElement":[{"@type":"ListItem","position":1,"name":"Accueil","item":"https:\/\/powers-seris.com\/"},{"@type":"ListItem","position":2,"name":"Contact"}]},{"@type":"WebSite","@id":"https:\/\/powers-seris.com\/#website","url":"https:\/\/powers-seris.com\/","name":"POWERS SECURITY","description":"Your security, our priority","potentialAction":[{"@type":"SearchAction","target":{"@type":"EntryPoint","urlTemplate":"https:\/\/powers-seris.com\/?s={search_term_string}"},"query-input":{"@type":"PropertyValueSpecification","valueRequired":true,"valueName":"search_term_string"}}],"inLanguage":"en-US"}]}},"_links":{"self":[{"href":"https:\/\/powers-seris.com\/en\/wp-json\/wp\/v2\/pages\/157","targetHints":{"allow":["GET"]}}],"collection":[{"href":"https:\/\/powers-seris.com\/en\/wp-json\/wp\/v2\/pages"}],"about":[{"href":"https:\/\/powers-seris.com\/en\/wp-json\/wp\/v2\/types\/page"}],"author":[{"embeddable":true,"href":"https:\/\/powers-seris.com\/en\/wp-json\/wp\/v2\/users\/1"}],"replies":[{"embeddable":true,"href":"https:\/\/powers-seris.com\/en\/wp-json\/wp\/v2\/comments?post=157"}],"version-history":[{"count":6,"href":"https:\/\/powers-seris.com\/en\/wp-json\/wp\/v2\/pages\/157\/revisions"}],"predecessor-version":[{"id":1238,"href":"https:\/\/powers-seris.com\/en\/wp-json\/wp\/v2\/pages\/157\/revisions\/1238"}],"wp:attachment":[{"href":"https:\/\/powers-seris.com\/en\/wp-json\/wp\/v2\/media?parent=157"}],"curies":[{"name":"wp","href":"https:\/\/api.w.org\/{rel}","templated":true}]}}